{"id":17656,"date":"2025-11-12T09:48:12","date_gmt":"2025-11-12T08:48:12","guid":{"rendered":"https:\/\/equiposytalento.com\/webinars\/?page_id=17656"},"modified":"2025-11-14T10:22:03","modified_gmt":"2025-11-14T09:22:03","slug":"webinar_benefits_25-de-noviembre","status":"publish","type":"page","link":"https:\/\/equiposytalento.com\/webinars\/webinar_benefits_25-de-noviembre\/","title":{"rendered":"webinar_benefits_25 de noviembre"},"content":{"rendered":"<p>[et_pb_section fb_built=\u00bb1&#8243; custom_padding_last_edited=\u00bbon|phone\u00bb module_class=\u00bbheader\u00bb _builder_version=\u00bb4.16&#8243; background_enable_image=\u00bboff\u00bb width=\u00bb100%\u00bb width_tablet=\u00bb\u00bb width_phone=\u00bbauto\u00bb width_last_edited=\u00bbon|phone\u00bb max_width=\u00bb100%\u00bb min_height=\u00bb100%\u00bb min_height_tablet=\u00bb\u00bb min_height_phone=\u00bb200%\u00bb min_height_last_edited=\u00bbon|phone\u00bb height=\u00bb100%\u00bb height_tablet=\u00bb\u00bb height_phone=\u00bb200%\u00bb height_last_edited=\u00bbon|phone\u00bb max_height=\u00bb100%\u00bb max_height_tablet=\u00bb\u00bb max_height_phone=\u00bb200%\u00bb max_height_last_edited=\u00bbon|phone\u00bb custom_margin=\u00bb||0%||false|false\u00bb custom_margin_tablet=\u00bb\u00bb custom_margin_phone=\u00bb\u00bb custom_margin_last_edited=\u00bbon|desktop\u00bb custom_padding=\u00bb0px||5%||false|false\u00bb custom_padding_tablet=\u00bb\u00bb custom_padding_phone=\u00bb0px||0%||false|false\u00bb background_last_edited=\u00bbon|phone\u00bb background_image_phone=\u00bbhttps:\/\/equiposytalento.com\/webinars\/wp-content\/uploads\/2020\/06\/fondo_01.jpg\u00bb background_enable_image_phone=\u00bbon\u00bb saved_tabs=\u00bball\u00bb global_colors_info=\u00bb{}\u00bb title_text_phone=\u00bbfondo_01&#8243;][et_pb_row custom_padding_last_edited=\u00bbon|desktop\u00bb _builder_version=\u00bb4.16&#8243; custom_margin=\u00bb||||false|false\u00bb custom_margin_tablet=\u00bb|0%||15%|false|false\u00bb custom_margin_phone=\u00bb|||10%|false|false\u00bb custom_margin_last_edited=\u00bbon|tablet\u00bb custom_padding=\u00bb3%||||false|false\u00bb custom_padding_tablet=\u00bb7%||||false|false\u00bb custom_padding_phone=\u00bb7%||||false|false\u00bb global_colors_info=\u00bb{}\u00bb][et_pb_column type=\u00bb4_4&#8243; _builder_version=\u00bb4.16&#8243; global_colors_info=\u00bb{}\u00bb][et_pb_image src=\u00bbhttps:\/\/equiposytalento.com\/webinars\/wp-content\/uploads\/2020\/06\/logo_equipos.png\u00bb title_text=\u00bblogo_equipos\u00bb _builder_version=\u00bb4.16&#8243; custom_margin=\u00bb|0%|||false|false\u00bb custom_margin_tablet=\u00bb\u00bb custom_margin_phone=\u00bb\u00bb custom_margin_last_edited=\u00bbon|desktop\u00bb global_colors_info=\u00bb{}\u00bb][\/et_pb_image][\/et_pb_column][\/et_pb_row][et_pb_row column_structure=\u00bb1_2,1_2&#8243; use_custom_gutter=\u00bbon\u00bb gutter_width=\u00bb4&#8243; make_equal=\u00bbon\u00bb custom_padding_last_edited=\u00bbon|phone\u00bb disabled_on=\u00bboff|off|off\u00bb _builder_version=\u00bb4.23.1&#8243; width=\u00bb100%\u00bb module_alignment=\u00bbcenter\u00bb custom_margin_tablet=\u00bb||0%||false|false\u00bb custom_margin_phone=\u00bb\u00bb custom_margin_last_edited=\u00bbon|phone\u00bb custom_padding_tablet=\u00bb||0%||false|false\u00bb custom_padding_phone=\u00bb||0%||false|false\u00bb global_colors_info=\u00bb{}\u00bb][et_pb_column type=\u00bb1_2&#8243; module_class=\u00bbtexto\u00bb _builder_version=\u00bb4.16&#8243; global_colors_info=\u00bb{}\u00bb][et_pb_text _builder_version=\u00bb4.23.1&#8243; text_font=\u00bbOpen Sans||||||||\u00bb text_text_color=\u00bb#ffffff\u00bb text_font_size=\u00bb23px\u00bb text_line_height=\u00bb24.2px\u00bb header_font=\u00bbOpen Sans|800|||||||\u00bb header_text_color=\u00bb#ffffff\u00bb header_2_font=\u00bb|800|||||||\u00bb header_3_font=\u00bb|800|||||||\u00bb custom_margin=\u00bb0px||16px||false|false\u00bb custom_margin_tablet=\u00bb|||10%|false|false\u00bb custom_margin_phone=\u00bb|10%||10%|false|false\u00bb custom_margin_last_edited=\u00bbon|phone\u00bb custom_padding=\u00bb0px|76px|0px||false|false\u00bb text_font_size_tablet=\u00bb\u00bb text_font_size_phone=\u00bb32px\u00bb text_font_size_last_edited=\u00bbon|desktop\u00bb text_line_height_tablet=\u00bb\u00bb text_line_height_phone=\u00bb54px\u00bb text_line_height_last_edited=\u00bbon|phone\u00bb inline_fonts=\u00bbPT Sans\u00bb global_colors_info=\u00bb{}\u00bb]<\/p>\n<h1 style=\"font-weight: 400;\"><strong>Estrategias innovadoras en la comunicaci\u00f3n de beneficios: experiencias pr\u00e1cticas y tendencias emergentes en RRHH<\/strong><\/h1>\n<p>[\/et_pb_text][et_pb_text _builder_version=\u00bb4.16&#8243; text_font=\u00bbOpen Sans|300|||||||\u00bb text_text_color=\u00bb#ffffff\u00bb header_font=\u00bbOpen Sans||||||||\u00bb header_2_font=\u00bbOpen Sans|300|||||||\u00bb header_2_font_size=\u00bb3px\u00bb background_layout=\u00bbdark\u00bb custom_margin=\u00bb4.6%||0px||false|false\u00bb custom_margin_tablet=\u00bb|10%|10%|10%|false|false\u00bb custom_margin_phone=\u00bb|10%|0%|10%|false|false\u00bb custom_margin_last_edited=\u00bbon|desktop\u00bb custom_padding=\u00bb|55px|2%||false|false\u00bb text_font_size_last_edited=\u00bboff|desktop\u00bb text_line_height_tablet=\u00bb\u00bb text_line_height_phone=\u00bb\u00bb text_line_height_last_edited=\u00bbon|desktop\u00bb global_colors_info=\u00bb{}\u00bb]<\/p>\n<p style=\"font-weight: 400;\">En un entorno laboral cada vez m\u00e1s competitivo y cambiante, <strong>la forma en que comunicamos los beneficios a nuestros equipos se ha convertido en un factor clave para atraer, fidelizar y motivar el talento.<\/strong> Ya no se trata solo de <em>qu\u00e9 <\/em>ofrecemos, sino de <em>c\u00f3mo<\/em> lo comunicamos, c\u00f3mo lo personalizamos y c\u00f3mo lo alineamos con las expectativas de una fuerza laboral diversa y exigente. Durante esta jornada analizaremos las \u00faltimas <strong>tendencias y mejores pr\u00e1cticas en el mundo de la Comunicaci\u00f3n de Beneficios y Bienestar.<\/strong> El evento contar\u00e1 con la participaci\u00f3n especial de representantes de dos empresas referentes del sector, <strong>Moeve y Redeia<\/strong>, que compartir\u00e1n sus casos de \u00e9xito y las estrategias que han empleado para maximizar el valor de sus programas.<\/p>\n<p style=\"font-weight: 400;\">Tanto si te encuentras en una primera fase inicial como si est\u00e1s ya implementando un programa de estas caracter\u00edsticas, esta jornada ser\u00e1 una ocasi\u00f3n ideal para inspirarte, aprender y descubrir nuevas ideas que impulsen resultados en cualquier organizaci\u00f3n.<\/p>\n<p style=\"font-weight: 400;\">\n<p>[\/et_pb_text][et_pb_text _builder_version=\u00bb4.23.1&#8243; global_colors_info=\u00bb{}\u00bb]<\/p>\n<p><strong><span style=\"color: #ffffff;\">25 noviembre de 13:00 a 14:00<\/span><\/strong><\/p>\n<p><strong><span style=\"color: #ffffff;\"><\/span><\/strong><\/p>\n<p>[\/et_pb_text][\/et_pb_column][et_pb_column type=\u00bb1_2&#8243; _builder_version=\u00bb4.16&#8243; background_color=\u00bbrgba(0,0,0,0)\u00bb global_colors_info=\u00bb{}\u00bb][et_pb_contact_form captcha=\u00bboff\u00bb email=\u00bbcomunicacion@equiposytalento.com\u00bb title=\u00bbWebinar d\u00eda 25 de noviembre\u00bb success_message=\u00bbTe has inscrito con \u00e9xito. Muchas gracias por el inter\u00e9s. En breve recibir\u00e1s un mail con el link al webinar\u00bb submit_button_text=\u00bbINSCR\u00cdBETE\u00bb title_last_edited=\u00bboff|desktop\u00bb disabled_on=\u00bboff|off|off\u00bb admin_label=\u00bbcontact_form_01&#8243; _builder_version=\u00bb4.23.1&#8243; _unique_id=\u00bba7ee0a39-0aad-4f60-809e-bda870301a95&#8243; form_field_background_color=\u00bbrgba(0,0,0,0)\u00bb form_field_text_color=\u00bb#ffffff\u00bb form_field_focus_background_color=\u00bbrgba(0,0,0,0)\u00bb form_field_focus_text_color=\u00bb#ffffff\u00bb form_field_custom_margin=\u00bb|||0%|false|false\u00bb form_field_custom_margin_tablet=\u00bb\u00bb form_field_custom_margin_phone=\u00bb\u00bb form_field_custom_margin_last_edited=\u00bbon|desktop\u00bb form_field_custom_padding=\u00bb|0px||0px|false|false\u00bb title_level=\u00bbh3&#8243; title_font=\u00bb|700|||||||\u00bb title_text_color=\u00bb#ffffff\u00bb captcha_text_color=\u00bb#ffffff\u00bb form_field_font=\u00bbOpen Sans|300|||||||\u00bb form_field_font_size=\u00bb16px\u00bb form_field_line_height=\u00bb30px\u00bb background_color=\u00bb#075EA8&#8243; custom_button=\u00bbon\u00bb button_text_size=\u00bb24px\u00bb button_text_color=\u00bb#ffffff\u00bb button_bg_color=\u00bb#00A7FF\u00bb button_border_width=\u00bb0px\u00bb button_border_color=\u00bbrgba(0,0,0,0)\u00bb button_border_radius=\u00bb0px\u00bb button_font=\u00bbOpen Sans|700|||||||\u00bb button_use_icon=\u00bboff\u00bb button_custom_margin=\u00bb12%|12%||2.5%|false|false\u00bb button_custom_margin_tablet=\u00bb\u00bb button_custom_margin_phone=\u00bb|8%||0%|false|false\u00bb button_custom_margin_last_edited=\u00bbon|desktop\u00bb button_custom_padding=\u00bb4%|20%|4%|20%|false|false\u00bb text_orientation=\u00bbleft\u00bb width=\u00bb100%\u00bb width_tablet=\u00bb\u00bb width_phone=\u00bb100%\u00bb width_last_edited=\u00bbon|phone\u00bb max_width_tablet=\u00bb\u00bb max_width_phone=\u00bb100%\u00bb max_width_last_edited=\u00bbon|phone\u00bb custom_margin=\u00bb|10%|||false|false\u00bb custom_margin_tablet=\u00bb\u00bb custom_margin_phone=\u00bb\u00bb custom_margin_last_edited=\u00bbon|desktop\u00bb custom_padding=\u00bb10%|1%|12%|10%|false|false\u00bb custom_padding_tablet=\u00bb\u00bb custom_padding_phone=\u00bb\u00bb custom_padding_last_edited=\u00bbon|desktop\u00bb hover_enabled=\u00bb0&#8243; title_font_size_last_edited=\u00bboff|desktop\u00bb title_line_height_last_edited=\u00bboff|desktop\u00bb form_field_font_size_tablet=\u00bb\u00bb form_field_font_size_phone=\u00bb\u00bb form_field_font_size_last_edited=\u00bbon|desktop\u00bb form_field_line_height_tablet=\u00bb\u00bb form_field_line_height_phone=\u00bb\u00bb form_field_line_height_last_edited=\u00bbon|desktop\u00bb button_text_size_tablet=\u00bb\u00bb button_text_size_phone=\u00bb\u00bb button_text_size_last_edited=\u00bbon|desktop\u00bb border_color_all=\u00bb#ffffff\u00bb border_color_bottom=\u00bbrgba(255,255,255,0.4)\u00bb global_colors_info=\u00bb{}\u00bb button_bg_color__hover_enabled=\u00bbon|desktop\u00bb button_bg_color__hover=\u00bb#72cdff\u00bb button_bg_enable_color__hover=\u00bbon\u00bb border_radii__hover_enabled=\u00bbon|hover\u00bb border_color_bottom__hover_enabled=\u00bbon|hover\u00bb border_color_bottom__hover=\u00bb#ffffff\u00bb title__hover_enabled=\u00bbon|hover\u00bb title__hover=\u00bbWebinar d\u00eda 25 de noviembre\u00bb sticky_enabled=\u00bb0&#8243;][et_pb_contact_field field_id=\u00bbNombre\u00bb field_title=\u00bbNombre\u00bb fullwidth_field=\u00bbon\u00bb _builder_version=\u00bb4.23.1&#8243; form_field_text_color=\u00bbrgba(255,255,255,0.5)\u00bb custom_margin=\u00bb|10%|||false|false\u00bb custom_margin_tablet=\u00bb\u00bb custom_margin_phone=\u00bb\u00bb custom_margin_last_edited=\u00bbon|desktop\u00bb border_width_bottom=\u00bb1px\u00bb border_color_bottom=\u00bbrgba(255,255,255,0.5)\u00bb global_colors_info=\u00bb{}\u00bb button_text_size__hover_enabled=\u00bboff\u00bb button_one_text_size__hover_enabled=\u00bboff\u00bb button_two_text_size__hover_enabled=\u00bboff\u00bb button_text_color__hover_enabled=\u00bboff\u00bb button_one_text_color__hover_enabled=\u00bboff\u00bb button_two_text_color__hover_enabled=\u00bboff\u00bb button_border_width__hover_enabled=\u00bboff\u00bb button_one_border_width__hover_enabled=\u00bboff\u00bb button_two_border_width__hover_enabled=\u00bboff\u00bb button_border_color__hover_enabled=\u00bboff\u00bb button_one_border_color__hover_enabled=\u00bboff\u00bb button_two_border_color__hover_enabled=\u00bboff\u00bb button_border_radius__hover_enabled=\u00bboff\u00bb button_one_border_radius__hover_enabled=\u00bboff\u00bb button_two_border_radius__hover_enabled=\u00bboff\u00bb button_letter_spacing__hover_enabled=\u00bboff\u00bb button_one_letter_spacing__hover_enabled=\u00bboff\u00bb button_two_letter_spacing__hover_enabled=\u00bboff\u00bb button_bg_color__hover_enabled=\u00bboff\u00bb button_one_bg_color__hover_enabled=\u00bboff\u00bb button_two_bg_color__hover_enabled=\u00bboff\u00bb form_field_text_color__hover_enabled=\u00bbon|hover\u00bb form_field_text_color__hover=\u00bb#ffffff\u00bb border_color_bottom__hover_enabled=\u00bbon|hover\u00bb border_color_bottom__hover=\u00bb#ffffff\u00bb][\/et_pb_contact_field][et_pb_contact_field field_id=\u00bbApellidos\u00bb field_title=\u00bbApellidos\u00bb fullwidth_field=\u00bbon\u00bb _builder_version=\u00bb4.16&#8243; form_field_text_color=\u00bbrgba(255,255,255,0.5)\u00bb custom_margin=\u00bb|10%|||false|false\u00bb custom_margin_tablet=\u00bb\u00bb custom_margin_phone=\u00bb\u00bb custom_margin_last_edited=\u00bbon|desktop\u00bb border_width_bottom=\u00bb1px\u00bb border_color_bottom=\u00bbrgba(255,255,255,0.5)\u00bb global_colors_info=\u00bb{}\u00bb button_text_size__hover_enabled=\u00bboff\u00bb button_one_text_size__hover_enabled=\u00bboff\u00bb button_two_text_size__hover_enabled=\u00bboff\u00bb button_text_color__hover_enabled=\u00bboff\u00bb button_one_text_color__hover_enabled=\u00bboff\u00bb button_two_text_color__hover_enabled=\u00bboff\u00bb button_border_width__hover_enabled=\u00bboff\u00bb button_one_border_width__hover_enabled=\u00bboff\u00bb button_two_border_width__hover_enabled=\u00bboff\u00bb button_border_color__hover_enabled=\u00bboff\u00bb button_one_border_color__hover_enabled=\u00bboff\u00bb button_two_border_color__hover_enabled=\u00bboff\u00bb button_border_radius__hover_enabled=\u00bboff\u00bb button_one_border_radius__hover_enabled=\u00bboff\u00bb button_two_border_radius__hover_enabled=\u00bboff\u00bb button_letter_spacing__hover_enabled=\u00bboff\u00bb button_one_letter_spacing__hover_enabled=\u00bboff\u00bb button_two_letter_spacing__hover_enabled=\u00bboff\u00bb button_bg_color__hover_enabled=\u00bboff\u00bb button_one_bg_color__hover_enabled=\u00bboff\u00bb button_two_bg_color__hover_enabled=\u00bboff\u00bb form_field_text_color__hover_enabled=\u00bbon|desktop\u00bb form_field_text_color__hover=\u00bb#ffffff\u00bb border_color_bottom__hover_enabled=\u00bbon|desktop\u00bb border_color_bottom__hover=\u00bb#ffffff\u00bb][\/et_pb_contact_field][et_pb_contact_field field_id=\u00bbCargo\u00bb field_title=\u00bbCargo\u00bb allowed_symbols=\u00bbletters\u00bb fullwidth_field=\u00bbon\u00bb _builder_version=\u00bb4.16&#8243; form_field_text_color=\u00bbrgba(255,255,255,0.5)\u00bb custom_margin=\u00bb|10%|||false|false\u00bb custom_margin_tablet=\u00bb\u00bb custom_margin_phone=\u00bb\u00bb custom_margin_last_edited=\u00bbon|desktop\u00bb border_width_bottom=\u00bb1px\u00bb border_color_bottom=\u00bbrgba(255,255,255,0.5)\u00bb global_colors_info=\u00bb{}\u00bb button_text_size__hover_enabled=\u00bboff\u00bb button_one_text_size__hover_enabled=\u00bboff\u00bb button_two_text_size__hover_enabled=\u00bboff\u00bb button_text_color__hover_enabled=\u00bboff\u00bb button_one_text_color__hover_enabled=\u00bboff\u00bb button_two_text_color__hover_enabled=\u00bboff\u00bb button_border_width__hover_enabled=\u00bboff\u00bb button_one_border_width__hover_enabled=\u00bboff\u00bb button_two_border_width__hover_enabled=\u00bboff\u00bb button_border_color__hover_enabled=\u00bboff\u00bb button_one_border_color__hover_enabled=\u00bboff\u00bb button_two_border_color__hover_enabled=\u00bboff\u00bb button_border_radius__hover_enabled=\u00bboff\u00bb button_one_border_radius__hover_enabled=\u00bboff\u00bb button_two_border_radius__hover_enabled=\u00bboff\u00bb button_letter_spacing__hover_enabled=\u00bboff\u00bb button_one_letter_spacing__hover_enabled=\u00bboff\u00bb button_two_letter_spacing__hover_enabled=\u00bboff\u00bb button_bg_color__hover_enabled=\u00bboff\u00bb button_one_bg_color__hover_enabled=\u00bboff\u00bb button_two_bg_color__hover_enabled=\u00bboff\u00bb form_field_text_color__hover_enabled=\u00bbon|hover\u00bb form_field_text_color__hover=\u00bb#ffffff\u00bb border_color_bottom__hover_enabled=\u00bbon|desktop\u00bb border_color_bottom__hover=\u00bb#ffffff\u00bb][\/et_pb_contact_field][et_pb_contact_field field_id=\u00bbEmpresa\u00bb field_title=\u00bbEmpresa\u00bb fullwidth_field=\u00bbon\u00bb _builder_version=\u00bb4.16&#8243; form_field_text_color=\u00bbrgba(255,255,255,0.5)\u00bb custom_margin=\u00bb|10%|||false|false\u00bb custom_margin_tablet=\u00bb\u00bb custom_margin_phone=\u00bb\u00bb custom_margin_last_edited=\u00bbon|desktop\u00bb form_field_text_color_tablet=\u00bb\u00bb form_field_text_color_phone=\u00bb\u00bb form_field_text_color_last_edited=\u00bbon|desktop\u00bb border_width_bottom=\u00bb1px\u00bb border_color_bottom=\u00bbrgba(255,255,255,0.5)\u00bb global_colors_info=\u00bb{}\u00bb button_text_size__hover_enabled=\u00bboff\u00bb button_one_text_size__hover_enabled=\u00bboff\u00bb button_two_text_size__hover_enabled=\u00bboff\u00bb button_text_color__hover_enabled=\u00bboff\u00bb button_one_text_color__hover_enabled=\u00bboff\u00bb button_two_text_color__hover_enabled=\u00bboff\u00bb button_border_width__hover_enabled=\u00bboff\u00bb button_one_border_width__hover_enabled=\u00bboff\u00bb button_two_border_width__hover_enabled=\u00bboff\u00bb button_border_color__hover_enabled=\u00bboff\u00bb button_one_border_color__hover_enabled=\u00bboff\u00bb button_two_border_color__hover_enabled=\u00bboff\u00bb button_border_radius__hover_enabled=\u00bboff\u00bb button_one_border_radius__hover_enabled=\u00bboff\u00bb button_two_border_radius__hover_enabled=\u00bboff\u00bb button_letter_spacing__hover_enabled=\u00bboff\u00bb button_one_letter_spacing__hover_enabled=\u00bboff\u00bb button_two_letter_spacing__hover_enabled=\u00bboff\u00bb button_bg_color__hover_enabled=\u00bboff\u00bb button_one_bg_color__hover_enabled=\u00bboff\u00bb button_two_bg_color__hover_enabled=\u00bboff\u00bb form_field_text_color__hover_enabled=\u00bbon|desktop\u00bb form_field_text_color__hover=\u00bb#ffffff\u00bb border_color_bottom__hover_enabled=\u00bbon|desktop\u00bb border_color_bottom__hover=\u00bb#ffffff\u00bb][\/et_pb_contact_field][et_pb_contact_field field_id=\u00bbempleados\u00bb field_title=\u00bbN\u00ba de empleados\u00bb field_type=\u00bbselect\u00bb select_options=\u00bb%91{%22value%22:%221 a 50 empleados%22,%22checked%22:0,%22dragID%22:-1},{%22value%22:%2251 a 250 empleados%22,%22checked%22:0,%22dragID%22:0},{%22value%22:%22251 a 500 empleados%22,%22checked%22:0,%22dragID%22:1},{%22value%22:%22501 a 750 empleados%22,%22checked%22:0,%22dragID%22:2},{%22value%22:%22751 a 1000 empleados%22,%22checked%22:0,%22dragID%22:3},{%22value%22:%22M\u00e1s de 1000 empleados%22,%22checked%22:0,%22dragID%22:4}%93&#8243; fullwidth_field=\u00bbon\u00bb _builder_version=\u00bb4.16&#8243; form_field_background_color=\u00bbrgba(0,0,0,0)\u00bb form_field_text_color=\u00bbrgba(255,255,255,0.5)\u00bb form_field_focus_background_color=\u00bbrgba(0,0,0,0)\u00bb custom_margin=\u00bb|10%|||false|false\u00bb custom_margin_tablet=\u00bb\u00bb custom_margin_phone=\u00bb\u00bb custom_margin_last_edited=\u00bbon|desktop\u00bb form_field_text_color_tablet=\u00bb\u00bb form_field_text_color_phone=\u00bb\u00bb form_field_text_color_last_edited=\u00bbon|desktop\u00bb border_width_bottom=\u00bb1px\u00bb border_color_bottom=\u00bbrgba(255,255,255,0.5)\u00bb global_colors_info=\u00bb{}\u00bb button_text_size__hover_enabled=\u00bboff\u00bb button_one_text_size__hover_enabled=\u00bboff\u00bb button_two_text_size__hover_enabled=\u00bboff\u00bb button_text_color__hover_enabled=\u00bboff\u00bb button_one_text_color__hover_enabled=\u00bboff\u00bb button_two_text_color__hover_enabled=\u00bboff\u00bb button_border_width__hover_enabled=\u00bboff\u00bb button_one_border_width__hover_enabled=\u00bboff\u00bb button_two_border_width__hover_enabled=\u00bboff\u00bb button_border_color__hover_enabled=\u00bboff\u00bb button_one_border_color__hover_enabled=\u00bboff\u00bb button_two_border_color__hover_enabled=\u00bboff\u00bb button_border_radius__hover_enabled=\u00bboff\u00bb button_one_border_radius__hover_enabled=\u00bboff\u00bb button_two_border_radius__hover_enabled=\u00bboff\u00bb button_letter_spacing__hover_enabled=\u00bboff\u00bb button_one_letter_spacing__hover_enabled=\u00bboff\u00bb button_two_letter_spacing__hover_enabled=\u00bboff\u00bb button_bg_color__hover_enabled=\u00bboff\u00bb button_one_bg_color__hover_enabled=\u00bboff\u00bb button_two_bg_color__hover_enabled=\u00bboff\u00bb form_field_text_color__hover_enabled=\u00bbon|hover\u00bb form_field_text_color__hover=\u00bb#ffffff\u00bb border_color_bottom__hover_enabled=\u00bbon|desktop\u00bb border_color_bottom__hover=\u00bb#ffffff\u00bb][\/et_pb_contact_field][et_pb_contact_field field_id=\u00bbMail\u00bb field_title=\u00bbMail profesional\u00bb field_type=\u00bbemail\u00bb fullwidth_field=\u00bbon\u00bb _builder_version=\u00bb4.23.1&#8243; form_field_text_color=\u00bbrgba(255,255,255,0.5)\u00bb custom_margin=\u00bb|10%|||false|false\u00bb custom_margin_tablet=\u00bb\u00bb custom_margin_phone=\u00bb\u00bb custom_margin_last_edited=\u00bbon|desktop\u00bb border_width_bottom=\u00bb1px\u00bb border_color_bottom=\u00bbrgba(255,255,255,0.5)\u00bb global_colors_info=\u00bb{}\u00bb button_text_size__hover_enabled=\u00bboff\u00bb button_one_text_size__hover_enabled=\u00bboff\u00bb button_two_text_size__hover_enabled=\u00bboff\u00bb button_text_color__hover_enabled=\u00bboff\u00bb button_one_text_color__hover_enabled=\u00bboff\u00bb button_two_text_color__hover_enabled=\u00bboff\u00bb button_border_width__hover_enabled=\u00bboff\u00bb button_one_border_width__hover_enabled=\u00bboff\u00bb button_two_border_width__hover_enabled=\u00bboff\u00bb button_border_color__hover_enabled=\u00bboff\u00bb button_one_border_color__hover_enabled=\u00bboff\u00bb button_two_border_color__hover_enabled=\u00bboff\u00bb button_border_radius__hover_enabled=\u00bboff\u00bb button_one_border_radius__hover_enabled=\u00bboff\u00bb button_two_border_radius__hover_enabled=\u00bboff\u00bb button_letter_spacing__hover_enabled=\u00bboff\u00bb button_one_letter_spacing__hover_enabled=\u00bboff\u00bb button_two_letter_spacing__hover_enabled=\u00bboff\u00bb button_bg_color__hover_enabled=\u00bboff\u00bb button_one_bg_color__hover_enabled=\u00bboff\u00bb button_two_bg_color__hover_enabled=\u00bboff\u00bb form_field_text_color__hover_enabled=\u00bbon|hover\u00bb form_field_text_color__hover=\u00bb#ffffff\u00bb border_color_bottom__hover_enabled=\u00bbon|desktop\u00bb border_color_bottom__hover=\u00bb#ffffff\u00bb][\/et_pb_contact_field][et_pb_contact_field field_id=\u00bbTel\u00e9fono\u00bb field_title=\u00bbTel\u00e9fono\u00bb allowed_symbols=\u00bbnumbers\u00bb required_mark=\u00bboff\u00bb fullwidth_field=\u00bbon\u00bb _builder_version=\u00bb4.16&#8243; form_field_text_color=\u00bbrgba(255,255,255,0.5)\u00bb custom_margin=\u00bb|10%|||false|false\u00bb custom_margin_tablet=\u00bb\u00bb custom_margin_phone=\u00bb\u00bb custom_margin_last_edited=\u00bbon|desktop\u00bb border_width_bottom=\u00bb1px\u00bb border_color_bottom=\u00bbrgba(255,255,255,0.5)\u00bb global_colors_info=\u00bb{}\u00bb button_text_size__hover_enabled=\u00bboff\u00bb button_one_text_size__hover_enabled=\u00bboff\u00bb button_two_text_size__hover_enabled=\u00bboff\u00bb button_text_color__hover_enabled=\u00bboff\u00bb button_one_text_color__hover_enabled=\u00bboff\u00bb button_two_text_color__hover_enabled=\u00bboff\u00bb button_border_width__hover_enabled=\u00bboff\u00bb button_one_border_width__hover_enabled=\u00bboff\u00bb button_two_border_width__hover_enabled=\u00bboff\u00bb button_border_color__hover_enabled=\u00bboff\u00bb button_one_border_color__hover_enabled=\u00bboff\u00bb button_two_border_color__hover_enabled=\u00bboff\u00bb button_border_radius__hover_enabled=\u00bboff\u00bb button_one_border_radius__hover_enabled=\u00bboff\u00bb button_two_border_radius__hover_enabled=\u00bboff\u00bb button_letter_spacing__hover_enabled=\u00bboff\u00bb button_one_letter_spacing__hover_enabled=\u00bboff\u00bb button_two_letter_spacing__hover_enabled=\u00bboff\u00bb button_bg_color__hover_enabled=\u00bboff\u00bb button_one_bg_color__hover_enabled=\u00bboff\u00bb button_two_bg_color__hover_enabled=\u00bboff\u00bb form_field_text_color__hover_enabled=\u00bbon|desktop\u00bb form_field_text_color__hover=\u00bb#ffffff\u00bb border_color_bottom__hover_enabled=\u00bbon|desktop\u00bb border_color_bottom__hover=\u00bb#ffffff\u00bb][\/et_pb_contact_field][\/et_pb_contact_form][\/et_pb_column][\/et_pb_row][et_pb_row _builder_version=\u00bb4.16&#8243; global_colors_info=\u00bb{}\u00bb][et_pb_column type=\u00bb4_4&#8243; _builder_version=\u00bb4.16&#8243; global_colors_info=\u00bb{}\u00bb][et_pb_text _builder_version=\u00bb4.23.1&#8243; text_text_color=\u00bb#ffffff\u00bb hover_enabled=\u00bb0&#8243; global_colors_info=\u00bb{}\u00bb sticky_enabled=\u00bb0&#8243;]<\/p>\n<p>Los datos facilitados en su inscripci\u00f3n ser\u00e1n compartidos con Inspiring Benefits, de acuerdo con su <a href=\"https:\/\/www.endalia.com\/politica-tratamiento-datos\/\">Pol\u00edtica de Privacidad<span>.<\/span><\/a><\/p>\n<p>[\/et_pb_text][\/et_pb_column][\/et_pb_row][\/et_pb_section]<\/p>\n","protected":false},"excerpt":{"rendered":"<p>Estrategias innovadoras en la comunicaci\u00f3n de beneficios: experiencias pr\u00e1cticas y tendencias emergentes en RRHHEn un entorno laboral cada vez m\u00e1s competitivo y cambiante, la forma en que comunicamos los beneficios a nuestros equipos se ha convertido en un factor clave para atraer, fidelizar y motivar el talento. Ya no se trata solo de qu\u00e9 ofrecemos, [&hellip;]<\/p>\n","protected":false},"author":1,"featured_media":0,"parent":0,"menu_order":0,"comment_status":"closed","ping_status":"closed","template":"page-template-blank.php","meta":{"_et_pb_use_builder":"on","_et_pb_old_content":"","_et_gb_content_width":"","footnotes":""},"_links":{"self":[{"href":"https:\/\/equiposytalento.com\/webinars\/wp-json\/wp\/v2\/pages\/17656"}],"collection":[{"href":"https:\/\/equiposytalento.com\/webinars\/wp-json\/wp\/v2\/pages"}],"about":[{"href":"https:\/\/equiposytalento.com\/webinars\/wp-json\/wp\/v2\/types\/page"}],"author":[{"embeddable":true,"href":"https:\/\/equiposytalento.com\/webinars\/wp-json\/wp\/v2\/users\/1"}],"replies":[{"embeddable":true,"href":"https:\/\/equiposytalento.com\/webinars\/wp-json\/wp\/v2\/comments?post=17656"}],"version-history":[{"count":5,"href":"https:\/\/equiposytalento.com\/webinars\/wp-json\/wp\/v2\/pages\/17656\/revisions"}],"predecessor-version":[{"id":17725,"href":"https:\/\/equiposytalento.com\/webinars\/wp-json\/wp\/v2\/pages\/17656\/revisions\/17725"}],"wp:attachment":[{"href":"https:\/\/equiposytalento.com\/webinars\/wp-json\/wp\/v2\/media?parent=17656"}],"curies":[{"name":"wp","href":"https:\/\/api.w.org\/{rel}","templated":true}]}}