{"id":3819,"date":"2021-10-28T11:32:31","date_gmt":"2021-10-28T10:32:31","guid":{"rendered":"https:\/\/equiposytalento.com\/webinars\/?page_id=3819"},"modified":"2021-11-04T10:26:22","modified_gmt":"2021-11-04T09:26:22","slug":"webinar-uniks","status":"publish","type":"page","link":"https:\/\/equiposytalento.com\/webinars\/webinar-uniks\/","title":{"rendered":"WEBINAR Uniks"},"content":{"rendered":"<p>[et_pb_section fb_built=\u00bb1&#8243; custom_padding_last_edited=\u00bbon|phone\u00bb module_class=\u00bbheader\u00bb _builder_version=\u00bb4.4.8&#8243; background_enable_image=\u00bboff\u00bb width=\u00bb100%\u00bb width_tablet=\u00bb\u00bb width_phone=\u00bbauto\u00bb width_last_edited=\u00bbon|phone\u00bb max_width=\u00bb100%\u00bb min_height=\u00bb100%\u00bb min_height_tablet=\u00bb\u00bb min_height_phone=\u00bb200%\u00bb min_height_last_edited=\u00bbon|phone\u00bb height=\u00bb100%\u00bb height_tablet=\u00bb\u00bb height_phone=\u00bb200%\u00bb height_last_edited=\u00bbon|phone\u00bb max_height=\u00bb100%\u00bb max_height_tablet=\u00bb\u00bb max_height_phone=\u00bb200%\u00bb max_height_last_edited=\u00bbon|phone\u00bb custom_margin=\u00bb||0%||false|false\u00bb custom_margin_tablet=\u00bb\u00bb custom_margin_phone=\u00bb\u00bb custom_margin_last_edited=\u00bbon|desktop\u00bb custom_padding=\u00bb0px||5%||false|false\u00bb custom_padding_tablet=\u00bb\u00bb custom_padding_phone=\u00bb0px||0%||false|false\u00bb background_last_edited=\u00bbon|phone\u00bb background_image_phone=\u00bbhttps:\/\/equiposytalento.com\/webinars\/wp-content\/uploads\/2020\/06\/fondo_01.jpg\u00bb background_enable_image_phone=\u00bbon\u00bb saved_tabs=\u00bball\u00bb title_text_phone=\u00bbfondo_01&#8243;][et_pb_row custom_padding_last_edited=\u00bbon|desktop\u00bb _builder_version=\u00bb4.4.8&#8243; custom_margin=\u00bb||||false|false\u00bb custom_margin_tablet=\u00bb|0%||15%|false|false\u00bb custom_margin_phone=\u00bb|||10%|false|false\u00bb custom_margin_last_edited=\u00bbon|tablet\u00bb custom_padding=\u00bb3%||||false|false\u00bb custom_padding_tablet=\u00bb7%||||false|false\u00bb custom_padding_phone=\u00bb7%||||false|false\u00bb][et_pb_column type=\u00bb4_4&#8243; _builder_version=\u00bb4.4.8&#8243;][et_pb_image src=\u00bbhttps:\/\/equiposytalento.com\/webinars\/wp-content\/uploads\/2020\/06\/logo_equipos.png\u00bb title_text=\u00bblogo_equipos\u00bb _builder_version=\u00bb4.4.8&#8243; custom_margin=\u00bb|0%|||false|false\u00bb custom_margin_tablet=\u00bb\u00bb custom_margin_phone=\u00bb\u00bb custom_margin_last_edited=\u00bbon|desktop\u00bb][\/et_pb_image][\/et_pb_column][\/et_pb_row][et_pb_row column_structure=\u00bb1_2,1_2&#8243; use_custom_gutter=\u00bbon\u00bb gutter_width=\u00bb4&#8243; make_equal=\u00bbon\u00bb custom_padding_last_edited=\u00bbon|phone\u00bb disabled_on=\u00bboff|off|off\u00bb _builder_version=\u00bb4.4.9&#8243; width=\u00bb100%\u00bb module_alignment=\u00bbcenter\u00bb custom_margin_tablet=\u00bb||0%||false|false\u00bb custom_margin_phone=\u00bb\u00bb custom_margin_last_edited=\u00bbon|phone\u00bb custom_padding_tablet=\u00bb||0%||false|false\u00bb custom_padding_phone=\u00bb||0%||false|false\u00bb][et_pb_column type=\u00bb1_2&#8243; module_class=\u00bbtexto\u00bb _builder_version=\u00bb4.4.8&#8243;][et_pb_text _builder_version=\u00bb4.4.9&#8243; text_font=\u00bbOpen Sans|300|||||||\u00bb text_text_color=\u00bb#ffffff\u00bb text_font_size=\u00bb38px\u00bb text_line_height=\u00bb57px\u00bb min_height=\u00bb154px\u00bb custom_margin=\u00bb||15px|||\u00bb custom_margin_tablet=\u00bb|||10%|false|false\u00bb custom_margin_phone=\u00bb|10%||10%|false|false\u00bb custom_margin_last_edited=\u00bbon|phone\u00bb custom_padding=\u00bb|76px||||\u00bb text_font_size_tablet=\u00bb\u00bb text_font_size_phone=\u00bb32px\u00bb text_font_size_last_edited=\u00bbon|desktop\u00bb text_line_height_tablet=\u00bb\u00bb text_line_height_phone=\u00bb54px\u00bb text_line_height_last_edited=\u00bbon|phone\u00bb]<\/p>\n<p>El feedback en las nuevas organizaciones<\/p>\n<div>\n<div>\n<div>\n<div>\n<div><\/div>\n<\/div>\n<\/div>\n<\/div>\n<\/div>\n<p>[\/et_pb_text][et_pb_text _builder_version=\u00bb4.4.8&#8243; text_font=\u00bbOpen Sans|300|||||||\u00bb text_text_color=\u00bb#ffffff\u00bb text_font_size=\u00bb20px\u00bb text_line_height=\u00bb30px\u00bb min_height=\u00bb465px\u00bb custom_margin=\u00bb4.6%||||false|false\u00bb custom_margin_tablet=\u00bb|10%|10%|10%|false|false\u00bb custom_margin_phone=\u00bb|10%|0%|10%|false|false\u00bb custom_margin_last_edited=\u00bbon|desktop\u00bb custom_padding=\u00bb|55px|10%||false|false\u00bb text_font_size_tablet=\u00bb\u00bb text_font_size_phone=\u00bb\u00bb text_font_size_last_edited=\u00bbon|desktop\u00bb text_line_height_tablet=\u00bb\u00bb text_line_height_phone=\u00bb\u00bb text_line_height_last_edited=\u00bbon|desktop\u00bb]<\/p>\n<p class=\"p1\">El mundo del trabajo est\u00e1 cambiando de manera acelerada: Tendencias de largo recorrido como la globalizaci\u00f3n, el impacto de la Inteligencia Artificial y la rob\u00f3tica, los cambios demogr\u00e1ficos que se unen a los efectos de la pandemia Covid19 como el aumento del teletrabajo y los problemas de salud mental de las personas. Esta &#8216;tormenta perfecta&#8217; supone un reto formidable para los equipos humanos de las organizaciones, y requiere revisar el modelo de organizaci\u00f3n, comunicaci\u00f3n interna y sistemas de feedback para mejorar la resiliencia de la organizaci\u00f3n y de sus personas.<\/p>\n<p class=\"p1\"><span>En este webinar, expertos de la materia acompa\u00f1ar\u00e1n a<span style=\"color: #ffffff; font-size: x-large;\"><strong> Uniks<\/strong><\/span> para hablar de las claves de este nuevo modelo.<\/span><\/p>\n<ul><\/ul>\n<p><strong>17 de noviembre de 10:00 a 11:00 horas<\/strong><\/p>\n<p>[\/et_pb_text][\/et_pb_column][et_pb_column type=\u00bb1_2&#8243; _builder_version=\u00bb4.4.8&#8243; background_color=\u00bbrgba(0,0,0,0)\u00bb][et_pb_contact_form captcha=\u00bboff\u00bb email=\u00bbcomunicacion@equiposytalento.com\u00bb title=\u00bbWebinar d\u00eda 17 de noviembre\u00bb success_message=\u00bbTe has inscrito con \u00e9xito. Muchas gracias por el inter\u00e9s. En breve recibir\u00e1s un mail con el link al webinar\u00bb submit_button_text=\u00bbINSCR\u00cdBETE\u00bb title_last_edited=\u00bboff|desktop\u00bb disabled_on=\u00bboff|off|off\u00bb admin_label=\u00bbcontact_form_01&#8243; _builder_version=\u00bb4.4.9&#8243; form_field_background_color=\u00bbrgba(0,0,0,0)\u00bb form_field_text_color=\u00bb#ffffff\u00bb form_field_focus_background_color=\u00bbrgba(0,0,0,0)\u00bb form_field_focus_text_color=\u00bb#ffffff\u00bb form_field_custom_margin=\u00bb|||0%|false|false\u00bb form_field_custom_margin_tablet=\u00bb\u00bb form_field_custom_margin_phone=\u00bb\u00bb form_field_custom_margin_last_edited=\u00bbon|desktop\u00bb form_field_custom_padding=\u00bb|0px||0px|false|false\u00bb title_font=\u00bbOpen Sans|700|||||||\u00bb title_text_color=\u00bb#ffffff\u00bb title_font_size=\u00bb28px\u00bb title_line_height=\u00bb42px\u00bb form_field_font=\u00bbOpen Sans|300|||||||\u00bb form_field_font_size=\u00bb16px\u00bb form_field_line_height=\u00bb30px\u00bb background_color=\u00bb#075EA8&#8243; custom_button=\u00bbon\u00bb button_text_size=\u00bb24px\u00bb button_text_color=\u00bb#ffffff\u00bb button_bg_color=\u00bb#00A7FF\u00bb button_border_width=\u00bb0px\u00bb button_border_color=\u00bbrgba(0,0,0,0)\u00bb button_border_radius=\u00bb0px\u00bb button_font=\u00bbOpen Sans|700|||||||\u00bb button_use_icon=\u00bboff\u00bb button_custom_margin=\u00bb12%|12%||2.5%|false|false\u00bb button_custom_margin_tablet=\u00bb\u00bb button_custom_margin_phone=\u00bb|8%||0%|false|false\u00bb button_custom_margin_last_edited=\u00bbon|desktop\u00bb button_custom_padding=\u00bb4%|20%|4%|20%|false|false\u00bb width=\u00bb100%\u00bb width_tablet=\u00bb\u00bb width_phone=\u00bb100%\u00bb width_last_edited=\u00bbon|phone\u00bb max_width_tablet=\u00bb\u00bb max_width_phone=\u00bb100%\u00bb max_width_last_edited=\u00bbon|phone\u00bb custom_margin=\u00bb|10%|||false|false\u00bb custom_margin_tablet=\u00bb\u00bb custom_margin_phone=\u00bb\u00bb custom_margin_last_edited=\u00bbon|desktop\u00bb custom_padding=\u00bb10%|1%|12%|10%|false|false\u00bb custom_padding_tablet=\u00bb\u00bb custom_padding_phone=\u00bb\u00bb custom_padding_last_edited=\u00bbon|desktop\u00bb title_font_size_tablet=\u00bb\u00bb title_font_size_phone=\u00bb\u00bb title_font_size_last_edited=\u00bbon|desktop\u00bb title_line_height_tablet=\u00bb\u00bb title_line_height_phone=\u00bb\u00bb title_line_height_last_edited=\u00bbon|desktop\u00bb form_field_font_size_tablet=\u00bb\u00bb form_field_font_size_phone=\u00bb\u00bb form_field_font_size_last_edited=\u00bbon|desktop\u00bb form_field_line_height_tablet=\u00bb\u00bb form_field_line_height_phone=\u00bb\u00bb form_field_line_height_last_edited=\u00bbon|desktop\u00bb button_text_size_tablet=\u00bb\u00bb button_text_size_phone=\u00bb\u00bb button_text_size_last_edited=\u00bbon|desktop\u00bb border_color_bottom=\u00bbrgba(255,255,255,0.4)\u00bb button_bg_color__hover_enabled=\u00bbon|desktop\u00bb button_bg_color__hover=\u00bb#72cdff\u00bb button_bg_enable_color__hover=\u00bbon\u00bb border_radii__hover_enabled=\u00bbon|hover\u00bb border_color_bottom__hover_enabled=\u00bbon|hover\u00bb border_color_bottom__hover=\u00bb#ffffff\u00bb title__hover_enabled=\u00bbon|hover\u00bb title__hover=\u00bbWebinar d\u00eda 17 de noviembre\u00bb][et_pb_contact_field field_id=\u00bbNombre\u00bb field_title=\u00bbNombre\u00bb fullwidth_field=\u00bbon\u00bb _builder_version=\u00bb4.4.9&#8243; form_field_text_color=\u00bbrgba(255,255,255,0.5)\u00bb custom_margin=\u00bb|10%|||false|false\u00bb custom_margin_tablet=\u00bb\u00bb custom_margin_phone=\u00bb\u00bb custom_margin_last_edited=\u00bbon|desktop\u00bb border_width_bottom=\u00bb1px\u00bb border_color_bottom=\u00bbrgba(255,255,255,0.5)\u00bb button_text_size__hover_enabled=\u00bboff\u00bb button_one_text_size__hover_enabled=\u00bboff\u00bb button_two_text_size__hover_enabled=\u00bboff\u00bb button_text_color__hover_enabled=\u00bboff\u00bb button_one_text_color__hover_enabled=\u00bboff\u00bb button_two_text_color__hover_enabled=\u00bboff\u00bb button_border_width__hover_enabled=\u00bboff\u00bb button_one_border_width__hover_enabled=\u00bboff\u00bb button_two_border_width__hover_enabled=\u00bboff\u00bb button_border_color__hover_enabled=\u00bboff\u00bb button_one_border_color__hover_enabled=\u00bboff\u00bb button_two_border_color__hover_enabled=\u00bboff\u00bb button_border_radius__hover_enabled=\u00bboff\u00bb button_one_border_radius__hover_enabled=\u00bboff\u00bb button_two_border_radius__hover_enabled=\u00bboff\u00bb button_letter_spacing__hover_enabled=\u00bboff\u00bb button_one_letter_spacing__hover_enabled=\u00bboff\u00bb button_two_letter_spacing__hover_enabled=\u00bboff\u00bb button_bg_color__hover_enabled=\u00bboff\u00bb button_one_bg_color__hover_enabled=\u00bboff\u00bb button_two_bg_color__hover_enabled=\u00bboff\u00bb form_field_text_color__hover_enabled=\u00bbon|hover\u00bb form_field_text_color__hover=\u00bb#ffffff\u00bb border_color_bottom__hover_enabled=\u00bbon|hover\u00bb border_color_bottom__hover=\u00bb#ffffff\u00bb][\/et_pb_contact_field][et_pb_contact_field field_id=\u00bbApellidos\u00bb field_title=\u00bbApellidos\u00bb fullwidth_field=\u00bbon\u00bb _builder_version=\u00bb4.4.8&#8243; form_field_text_color=\u00bbrgba(255,255,255,0.5)\u00bb custom_margin=\u00bb|10%|||false|false\u00bb custom_margin_tablet=\u00bb\u00bb custom_margin_phone=\u00bb\u00bb custom_margin_last_edited=\u00bbon|desktop\u00bb border_width_bottom=\u00bb1px\u00bb border_color_bottom=\u00bbrgba(255,255,255,0.5)\u00bb button_text_size__hover_enabled=\u00bboff\u00bb button_one_text_size__hover_enabled=\u00bboff\u00bb button_two_text_size__hover_enabled=\u00bboff\u00bb button_text_color__hover_enabled=\u00bboff\u00bb button_one_text_color__hover_enabled=\u00bboff\u00bb button_two_text_color__hover_enabled=\u00bboff\u00bb button_border_width__hover_enabled=\u00bboff\u00bb button_one_border_width__hover_enabled=\u00bboff\u00bb button_two_border_width__hover_enabled=\u00bboff\u00bb button_border_color__hover_enabled=\u00bboff\u00bb button_one_border_color__hover_enabled=\u00bboff\u00bb button_two_border_color__hover_enabled=\u00bboff\u00bb button_border_radius__hover_enabled=\u00bboff\u00bb button_one_border_radius__hover_enabled=\u00bboff\u00bb button_two_border_radius__hover_enabled=\u00bboff\u00bb button_letter_spacing__hover_enabled=\u00bboff\u00bb button_one_letter_spacing__hover_enabled=\u00bboff\u00bb button_two_letter_spacing__hover_enabled=\u00bboff\u00bb button_bg_color__hover_enabled=\u00bboff\u00bb button_one_bg_color__hover_enabled=\u00bboff\u00bb button_two_bg_color__hover_enabled=\u00bboff\u00bb form_field_text_color__hover_enabled=\u00bbon|desktop\u00bb form_field_text_color__hover=\u00bb#ffffff\u00bb border_color_bottom__hover_enabled=\u00bbon|desktop\u00bb border_color_bottom__hover=\u00bb#ffffff\u00bb][\/et_pb_contact_field][et_pb_contact_field field_id=\u00bbCargo\u00bb field_title=\u00bbCargo\u00bb allowed_symbols=\u00bbletters\u00bb fullwidth_field=\u00bbon\u00bb _builder_version=\u00bb4.4.8&#8243; form_field_text_color=\u00bbrgba(255,255,255,0.5)\u00bb custom_margin=\u00bb|10%|||false|false\u00bb custom_margin_tablet=\u00bb\u00bb custom_margin_phone=\u00bb\u00bb custom_margin_last_edited=\u00bbon|desktop\u00bb border_width_bottom=\u00bb1px\u00bb border_color_bottom=\u00bbrgba(255,255,255,0.5)\u00bb button_text_size__hover_enabled=\u00bboff\u00bb button_one_text_size__hover_enabled=\u00bboff\u00bb button_two_text_size__hover_enabled=\u00bboff\u00bb button_text_color__hover_enabled=\u00bboff\u00bb button_one_text_color__hover_enabled=\u00bboff\u00bb button_two_text_color__hover_enabled=\u00bboff\u00bb button_border_width__hover_enabled=\u00bboff\u00bb button_one_border_width__hover_enabled=\u00bboff\u00bb button_two_border_width__hover_enabled=\u00bboff\u00bb button_border_color__hover_enabled=\u00bboff\u00bb button_one_border_color__hover_enabled=\u00bboff\u00bb button_two_border_color__hover_enabled=\u00bboff\u00bb button_border_radius__hover_enabled=\u00bboff\u00bb button_one_border_radius__hover_enabled=\u00bboff\u00bb button_two_border_radius__hover_enabled=\u00bboff\u00bb button_letter_spacing__hover_enabled=\u00bboff\u00bb button_one_letter_spacing__hover_enabled=\u00bboff\u00bb button_two_letter_spacing__hover_enabled=\u00bboff\u00bb button_bg_color__hover_enabled=\u00bboff\u00bb button_one_bg_color__hover_enabled=\u00bboff\u00bb button_two_bg_color__hover_enabled=\u00bboff\u00bb form_field_text_color__hover_enabled=\u00bbon|hover\u00bb form_field_text_color__hover=\u00bb#ffffff\u00bb border_color_bottom__hover_enabled=\u00bbon|desktop\u00bb border_color_bottom__hover=\u00bb#ffffff\u00bb][\/et_pb_contact_field][et_pb_contact_field field_id=\u00bbEmpresa\u00bb field_title=\u00bbEmpresa\u00bb fullwidth_field=\u00bbon\u00bb _builder_version=\u00bb4.4.8&#8243; form_field_text_color=\u00bbrgba(255,255,255,0.5)\u00bb custom_margin=\u00bb|10%|||false|false\u00bb custom_margin_tablet=\u00bb\u00bb custom_margin_phone=\u00bb\u00bb custom_margin_last_edited=\u00bbon|desktop\u00bb form_field_text_color_tablet=\u00bb\u00bb form_field_text_color_phone=\u00bb\u00bb form_field_text_color_last_edited=\u00bbon|desktop\u00bb border_width_bottom=\u00bb1px\u00bb border_color_bottom=\u00bbrgba(255,255,255,0.5)\u00bb button_text_size__hover_enabled=\u00bboff\u00bb button_one_text_size__hover_enabled=\u00bboff\u00bb button_two_text_size__hover_enabled=\u00bboff\u00bb button_text_color__hover_enabled=\u00bboff\u00bb button_one_text_color__hover_enabled=\u00bboff\u00bb button_two_text_color__hover_enabled=\u00bboff\u00bb button_border_width__hover_enabled=\u00bboff\u00bb button_one_border_width__hover_enabled=\u00bboff\u00bb button_two_border_width__hover_enabled=\u00bboff\u00bb button_border_color__hover_enabled=\u00bboff\u00bb button_one_border_color__hover_enabled=\u00bboff\u00bb button_two_border_color__hover_enabled=\u00bboff\u00bb button_border_radius__hover_enabled=\u00bboff\u00bb button_one_border_radius__hover_enabled=\u00bboff\u00bb button_two_border_radius__hover_enabled=\u00bboff\u00bb button_letter_spacing__hover_enabled=\u00bboff\u00bb button_one_letter_spacing__hover_enabled=\u00bboff\u00bb button_two_letter_spacing__hover_enabled=\u00bboff\u00bb button_bg_color__hover_enabled=\u00bboff\u00bb button_one_bg_color__hover_enabled=\u00bboff\u00bb button_two_bg_color__hover_enabled=\u00bboff\u00bb form_field_text_color__hover_enabled=\u00bbon|desktop\u00bb form_field_text_color__hover=\u00bb#ffffff\u00bb border_color_bottom__hover_enabled=\u00bbon|desktop\u00bb border_color_bottom__hover=\u00bb#ffffff\u00bb][\/et_pb_contact_field][et_pb_contact_field field_id=\u00bbMail\u00bb field_title=\u00bbMail\u00bb field_type=\u00bbemail\u00bb fullwidth_field=\u00bbon\u00bb _builder_version=\u00bb4.4.8&#8243; form_field_text_color=\u00bbrgba(255,255,255,0.5)\u00bb custom_margin=\u00bb|10%|||false|false\u00bb custom_margin_tablet=\u00bb\u00bb custom_margin_phone=\u00bb\u00bb custom_margin_last_edited=\u00bbon|desktop\u00bb border_width_bottom=\u00bb1px\u00bb border_color_bottom=\u00bbrgba(255,255,255,0.5)\u00bb button_text_size__hover_enabled=\u00bboff\u00bb button_one_text_size__hover_enabled=\u00bboff\u00bb button_two_text_size__hover_enabled=\u00bboff\u00bb button_text_color__hover_enabled=\u00bboff\u00bb button_one_text_color__hover_enabled=\u00bboff\u00bb button_two_text_color__hover_enabled=\u00bboff\u00bb button_border_width__hover_enabled=\u00bboff\u00bb button_one_border_width__hover_enabled=\u00bboff\u00bb button_two_border_width__hover_enabled=\u00bboff\u00bb button_border_color__hover_enabled=\u00bboff\u00bb button_one_border_color__hover_enabled=\u00bboff\u00bb button_two_border_color__hover_enabled=\u00bboff\u00bb button_border_radius__hover_enabled=\u00bboff\u00bb button_one_border_radius__hover_enabled=\u00bboff\u00bb button_two_border_radius__hover_enabled=\u00bboff\u00bb button_letter_spacing__hover_enabled=\u00bboff\u00bb button_one_letter_spacing__hover_enabled=\u00bboff\u00bb button_two_letter_spacing__hover_enabled=\u00bboff\u00bb button_bg_color__hover_enabled=\u00bboff\u00bb button_one_bg_color__hover_enabled=\u00bboff\u00bb button_two_bg_color__hover_enabled=\u00bboff\u00bb form_field_text_color__hover_enabled=\u00bbon|hover\u00bb form_field_text_color__hover=\u00bb#ffffff\u00bb border_color_bottom__hover_enabled=\u00bbon|desktop\u00bb border_color_bottom__hover=\u00bb#ffffff\u00bb][\/et_pb_contact_field][et_pb_contact_field field_id=\u00bbTel\u00e9fono\u00bb field_title=\u00bbTel\u00e9fono\u00bb allowed_symbols=\u00bbnumbers\u00bb required_mark=\u00bboff\u00bb fullwidth_field=\u00bbon\u00bb _builder_version=\u00bb4.4.9&#8243; form_field_text_color=\u00bbrgba(255,255,255,0.5)\u00bb custom_margin=\u00bb|10%|||false|false\u00bb custom_margin_tablet=\u00bb\u00bb custom_margin_phone=\u00bb\u00bb custom_margin_last_edited=\u00bbon|desktop\u00bb border_width_bottom=\u00bb1px\u00bb border_color_bottom=\u00bbrgba(255,255,255,0.5)\u00bb button_text_size__hover_enabled=\u00bboff\u00bb button_one_text_size__hover_enabled=\u00bboff\u00bb button_two_text_size__hover_enabled=\u00bboff\u00bb button_text_color__hover_enabled=\u00bboff\u00bb button_one_text_color__hover_enabled=\u00bboff\u00bb button_two_text_color__hover_enabled=\u00bboff\u00bb button_border_width__hover_enabled=\u00bboff\u00bb button_one_border_width__hover_enabled=\u00bboff\u00bb button_two_border_width__hover_enabled=\u00bboff\u00bb button_border_color__hover_enabled=\u00bboff\u00bb button_one_border_color__hover_enabled=\u00bboff\u00bb button_two_border_color__hover_enabled=\u00bboff\u00bb button_border_radius__hover_enabled=\u00bboff\u00bb button_one_border_radius__hover_enabled=\u00bboff\u00bb button_two_border_radius__hover_enabled=\u00bboff\u00bb button_letter_spacing__hover_enabled=\u00bboff\u00bb button_one_letter_spacing__hover_enabled=\u00bboff\u00bb button_two_letter_spacing__hover_enabled=\u00bboff\u00bb button_bg_color__hover_enabled=\u00bboff\u00bb button_one_bg_color__hover_enabled=\u00bboff\u00bb button_two_bg_color__hover_enabled=\u00bboff\u00bb form_field_text_color__hover_enabled=\u00bbon|desktop\u00bb form_field_text_color__hover=\u00bb#ffffff\u00bb border_color_bottom__hover_enabled=\u00bbon|desktop\u00bb border_color_bottom__hover=\u00bb#ffffff\u00bb][\/et_pb_contact_field][\/et_pb_contact_form][et_pb_text disabled_on=\u00bbon|on|on\u00bb _builder_version=\u00bb4.4.9&#8243; text_font=\u00bb|800|||||||\u00bb text_text_color=\u00bb#ffffff\u00bb text_font_size=\u00bb28px\u00bb background_color=\u00bb#075EA8&#8243; custom_margin=\u00bb||||false|false\u00bb custom_padding=\u00bb10%||10%||false|false\u00bb disabled=\u00bbon\u00bb]<\/p>\n<p style=\"text-align: center;\">INSCRIPCIONES CERRADAS<\/p>\n<p>[\/et_pb_text][\/et_pb_column][\/et_pb_row][et_pb_row _builder_version=\u00bb4.4.9&#8243;][et_pb_column type=\u00bb4_4&#8243; _builder_version=\u00bb4.4.9&#8243;][et_pb_text _builder_version=\u00bb4.4.9&#8243; text_text_color=\u00bb#ffffff\u00bb]<\/p>\n<p>Los datos facilitados \u00a0en su inscripci\u00f3n ser\u00e1n compartidos con<span> Uniks<\/span>, de acuerdo con su <a href=\"https:\/\/www.uniks.com\/es\/privacy-policy\">Pol\u00edtica de Privacidad<span>.<\/span><\/a><\/p>\n<p>[\/et_pb_text][\/et_pb_column][\/et_pb_row][\/et_pb_section]<\/p>\n","protected":false},"excerpt":{"rendered":"<p>El feedback en las nuevas organizaciones El mundo del trabajo est\u00e1 cambiando de manera acelerada: Tendencias de largo recorrido como la globalizaci\u00f3n, el impacto de la Inteligencia Artificial y la rob\u00f3tica, los cambios demogr\u00e1ficos que se unen a los efectos de la pandemia Covid19 como el aumento del teletrabajo y los problemas de salud mental [&hellip;]<\/p>\n","protected":false},"author":1,"featured_media":0,"parent":0,"menu_order":0,"comment_status":"closed","ping_status":"closed","template":"page-template-blank.php","meta":{"_et_pb_use_builder":"on","_et_pb_old_content":"","_et_gb_content_width":"","footnotes":""},"_links":{"self":[{"href":"https:\/\/equiposytalento.com\/webinars\/wp-json\/wp\/v2\/pages\/3819"}],"collection":[{"href":"https:\/\/equiposytalento.com\/webinars\/wp-json\/wp\/v2\/pages"}],"about":[{"href":"https:\/\/equiposytalento.com\/webinars\/wp-json\/wp\/v2\/types\/page"}],"author":[{"embeddable":true,"href":"https:\/\/equiposytalento.com\/webinars\/wp-json\/wp\/v2\/users\/1"}],"replies":[{"embeddable":true,"href":"https:\/\/equiposytalento.com\/webinars\/wp-json\/wp\/v2\/comments?post=3819"}],"version-history":[{"count":3,"href":"https:\/\/equiposytalento.com\/webinars\/wp-json\/wp\/v2\/pages\/3819\/revisions"}],"predecessor-version":[{"id":3831,"href":"https:\/\/equiposytalento.com\/webinars\/wp-json\/wp\/v2\/pages\/3819\/revisions\/3831"}],"wp:attachment":[{"href":"https:\/\/equiposytalento.com\/webinars\/wp-json\/wp\/v2\/media?parent=3819"}],"curies":[{"name":"wp","href":"https:\/\/api.w.org\/{rel}","templated":true}]}}